{"id":102,"date":"2025-03-09T22:56:06","date_gmt":"2025-03-09T22:56:06","guid":{"rendered":"https:\/\/astrabroker.net\/about\/"},"modified":"2025-05-09T21:55:42","modified_gmt":"2025-05-09T21:55:42","slug":"hakkimizda","status":"publish","type":"page","link":"https:\/\/astrabroker.net\/en\/hakkimizda\/","title":{"rendered":"About Us"},"content":{"rendered":"<div data-elementor-type=\"wp-page\" data-elementor-id=\"102\" class=\"elementor elementor-102\" data-elementor-post-type=\"page\">\n\t\t\t\t<div class=\"elementor-element elementor-element-216e1c5e e-flex e-con-boxed e-con e-parent\" data-id=\"216e1c5e\" data-element_type=\"container\" data-e-type=\"container\" data-settings=\"{&quot;background_background&quot;:&quot;gradient&quot;,&quot;shape_divider_bottom&quot;:&quot;waves&quot;}\">\n\t\t\t\t\t<div class=\"e-con-inner\">\n\t\t\t\t<div class=\"elementor-shape elementor-shape-bottom\" aria-hidden=\"true\" data-negative=\"false\">\n\t\t\t<svg xmlns=\"http:\/\/www.w3.org\/2000\/svg\" viewbox=\"0 0 1000 100\" preserveaspectratio=\"none\">\n\t<path class=\"elementor-shape-fill\" d=\"M421.9,6.5c22.6-2.5,51.5,0.4,75.5,5.3c23.6,4.9,70.9,23.5,100.5,35.7c75.8,32.2,133.7,44.5,192.6,49.7\tc23.6,2.1,48.7,3.5,103.4-2.5c54.7-6,106.2-25.6,106.2-25.6V0H0v30.3c0,0,72,32.6,158.4,30.5c39.2-0.7,92.8-6.7,134-22.4\tc21.2-8.1,52.2-18.2,79.7-24.2C399.3,7.9,411.6,7.5,421.9,6.5z\"\/>\n<\/svg>\t\t<\/div>\n\t\t\t\t<div class=\"elementor-element elementor-element-1a2497a4 elementor-widget elementor-widget-heading\" data-id=\"1a2497a4\" data-element_type=\"widget\" data-e-type=\"widget\" data-widget_type=\"heading.default\">\n\t\t\t\t<div class=\"elementor-widget-container\">\n\t\t\t\t\t<h1 class=\"elementor-heading-title elementor-size-default\">About Us<\/h1>\t\t\t\t<\/div>\n\t\t\t\t<\/div>\n\t\t\t\t<div class=\"elementor-element elementor-element-7d936800 elementor-widget elementor-widget-heading\" data-id=\"7d936800\" data-element_type=\"widget\" data-e-type=\"widget\" data-widget_type=\"heading.default\">\n\t\t\t\t<div class=\"elementor-widget-container\">\n\t\t\t\t\t<h3 class=\"elementor-heading-title elementor-size-default\">Global Trust , Local Sincerity <\/h3>\t\t\t\t<\/div>\n\t\t\t\t<\/div>\n\t\t\t\t\t<\/div>\n\t\t\t\t<\/div>\n\t\t<div class=\"elementor-element elementor-element-e233735 e-flex e-con-boxed e-con e-parent\" data-id=\"e233735\" data-element_type=\"container\" data-e-type=\"container\">\n\t\t\t\t\t<div class=\"e-con-inner\">\n\t\t\t\t<div class=\"elementor-element elementor-element-40429cb elementor-widget elementor-widget-flex-hero\" data-id=\"40429cb\" data-element_type=\"widget\" data-e-type=\"widget\" data-settings=\"{&quot;layout_preset&quot;:&quot;storytelling&quot;,&quot;primary_button_shape&quot;:&quot;default&quot;,&quot;image_shape&quot;:&quot;sharp&quot;,&quot;box_shape&quot;:&quot;sharp&quot;}\" data-widget_type=\"flex-hero.default\">\n\t\t\t\t<div class=\"elementor-widget-container\">\n\t\t\t\t\t\t\t<div class=\"has-shape-sharp shape-type-box ehp-flex-hero has-layout-preset-storytelling\">\n\t\t\t\t\t\t<div class=\"ehp-flex-hero__overlay\"><\/div>\n\t\t\t<div class=\"ehp-flex-hero__content-container\">\n\t\t\t\t<p class=\"ehp-flex-hero__intro\">Astra Insurance Brokerage was founded by professionals with more than 40 years of finance, banking and insurance experience, with roots in Lidyal\u0131lar Insurance. Astra Insurance Brokerage aims to provide value-added solutions to its customers by specialising in the Turkish insurance sector, especially in the field of trade receivables insurance and financial risk management.\n\n<br>\n<br>\nAfter years of operating as one of the most experienced receivables insurance agencies in Turkey under the roof of Lidyal\u0131lar Insurance, we aimed to further expand our influence in the sector with Astra Insurance Brokerage. Our aim is to offer insurance solutions to our corporate clients not only as a policy but as an integral part of their business strategy by specialising in-depth in the field of financial insurances, especially receivables insurance.<\/p><h3 class=\"ehp-flex-hero__heading\">Global Trust , Local Sincerity <\/h3><p class=\"ehp-flex-hero__subheading\">The approach we adopt with this slogan reflects our principle of providing our customers with the most up-to-date solutions in the global insurance markets while maintaining our sincere and reliable business relationships in the local market. Thanks to our deep-rooted know-how in the sector and our international partnerships, we guide commercial enterprises to manage their risks in the most accurate way.\n\nAs Astra Insurance Brokerage, we provide our customers with sustainable growth and the opportunity to trade with confidence through our approach that anticipates and manages financial risks.\n<br>\n<br>\nFor us, the cornerstones of success in business are trust, transparency and expertise. In line with these principles, we build long-term relationships with our customers and support them to make their business more secure and sustainable.\n\n<\/p>\t\t\t<div class=\"ehp-flex-hero__ctas-container\">\n\t\t\t\t\t\t\t\t\t\t\t<\/div>\n\t\t\t\t\t<\/div>\n\t\t\t\t<div class=\"ehp-flex-hero__image-wrapper\">\n\t\t\t\t\t<div class=\"ehp-image ehp-flex-hero__image-container\">\n\t\t\t\t<img decoding=\"async\" class=\"ehp-image__img ehp-flex-hero__img has-shape-sharp shape-type-image\" src=\"https:\/\/astrabroker.net\/wp-content\/uploads\/2025\/03\/Basliksiz.png\" title=\"Untitled\" alt=\"Ba\u015fl\u0131ks\u0131z\" loading=\"lazy\" \/>\t\t\t<\/div>\n\t\t\t\t\t<\/div>\n\t\t\t\t<\/div>\n\t\t\t\t\t\t<\/div>\n\t\t\t\t<\/div>\n\t\t\t\t\t<\/div>\n\t\t\t\t<\/div>\n\t\t<div class=\"elementor-element elementor-element-ec09c07 elementor-hidden-desktop elementor-hidden-tablet elementor-hidden-mobile e-flex e-con-boxed e-con e-parent\" data-id=\"ec09c07\" data-element_type=\"container\" data-e-type=\"container\" data-settings=\"{&quot;background_background&quot;:&quot;classic&quot;}\">\n\t\t\t\t\t<div class=\"e-con-inner\">\n\t\t\t\t<div class=\"elementor-element elementor-element-3413db29 elementor-widget elementor-widget-heading\" data-id=\"3413db29\" data-element_type=\"widget\" data-e-type=\"widget\" data-widget_type=\"heading.default\">\n\t\t\t\t<div class=\"elementor-widget-container\">\n\t\t\t\t\t<h3 class=\"elementor-heading-title elementor-size-default\">Meet our team<\/h3>\t\t\t\t<\/div>\n\t\t\t\t<\/div>\n\t\t\t\t<div class=\"elementor-element elementor-element-12a1030c elementor-widget elementor-widget-heading\" data-id=\"12a1030c\" data-element_type=\"widget\" data-e-type=\"widget\" data-widget_type=\"heading.default\">\n\t\t\t\t<div class=\"elementor-widget-container\">\n\t\t\t\t\t<h2 class=\"elementor-heading-title elementor-size-default\">The faces behind our success<\/h2>\t\t\t\t<\/div>\n\t\t\t\t<\/div>\n\t\t<div class=\"elementor-element elementor-element-13db8499 e-con-full e-flex e-con e-child\" data-id=\"13db8499\" data-element_type=\"container\" data-e-type=\"container\">\n\t\t\t\t<div class=\"elementor-element elementor-element-40f5ebcb elementor-widget__width-initial elementor-position-top elementor-widget elementor-widget-image-box\" data-id=\"40f5ebcb\" data-element_type=\"widget\" data-e-type=\"widget\" data-widget_type=\"image-box.default\">\n\t\t\t\t<div class=\"elementor-widget-container\">\n\t\t\t\t\t<div class=\"elementor-image-box-wrapper\"><figure class=\"elementor-image-box-img\"><img fetchpriority=\"high\" decoding=\"async\" width=\"1600\" height=\"1066\" src=\"https:\/\/astrabroker.net\/wp-content\/uploads\/2025\/03\/IMG-20160829-WA0005.jpg\" class=\"attachment-full size-full wp-image-185\" alt=\"alacak sigortas\u0131 broker\" title=\"Alacak Sigortas\u0131 Uzman\u0131 - astrabroker.net\" srcset=\"https:\/\/astrabroker.net\/wp-content\/uploads\/2025\/03\/IMG-20160829-WA0005.jpg 1600w, https:\/\/astrabroker.net\/wp-content\/uploads\/2025\/03\/IMG-20160829-WA0005-300x200.jpg 300w, https:\/\/astrabroker.net\/wp-content\/uploads\/2025\/03\/IMG-20160829-WA0005-1024x682.jpg 1024w, https:\/\/astrabroker.net\/wp-content\/uploads\/2025\/03\/IMG-20160829-WA0005-768x512.jpg 768w, https:\/\/astrabroker.net\/wp-content\/uploads\/2025\/03\/IMG-20160829-WA0005-1536x1023.jpg 1536w\" sizes=\"(max-width: 1600px) 100vw, 1600px\" \/><\/figure><div class=\"elementor-image-box-content\"><h3 class=\"elementor-image-box-title\">Cahit Adil Kaner<\/h3><\/div><\/div>\t\t\t\t<\/div>\n\t\t\t\t<\/div>\n\t\t\t\t<div class=\"elementor-element elementor-element-77fdce96 elementor-widget__width-initial elementor-position-top elementor-widget elementor-widget-image-box\" data-id=\"77fdce96\" data-element_type=\"widget\" data-e-type=\"widget\" data-widget_type=\"image-box.default\">\n\t\t\t\t<div class=\"elementor-widget-container\">\n\t\t\t\t\t<div class=\"elementor-image-box-wrapper\"><figure class=\"elementor-image-box-img\"><img decoding=\"async\" width=\"1024\" height=\"683\" src=\"https:\/\/astrabroker.net\/wp-content\/uploads\/2025\/03\/IMG_3614-1024x683-1.jpg\" class=\"attachment-full size-full wp-image-208\" alt=\"alacak sigortas\u0131 deneyimi\" title=\"alacak sigortas\u0131 broker - astrabroker.net\" srcset=\"https:\/\/astrabroker.net\/wp-content\/uploads\/2025\/03\/IMG_3614-1024x683-1.jpg 1024w, https:\/\/astrabroker.net\/wp-content\/uploads\/2025\/03\/IMG_3614-1024x683-1-300x200.jpg 300w, https:\/\/astrabroker.net\/wp-content\/uploads\/2025\/03\/IMG_3614-1024x683-1-768x512.jpg 768w\" sizes=\"(max-width: 1024px) 100vw, 1024px\" \/><\/figure><div class=\"elementor-image-box-content\"><h3 class=\"elementor-image-box-title\">Selma Atik<\/h3><p class=\"elementor-image-box-description\"> <\/p><\/div><\/div>\t\t\t\t<\/div>\n\t\t\t\t<\/div>\n\t\t\t\t<div class=\"elementor-element elementor-element-4d910283 elementor-widget__width-initial elementor-position-top elementor-widget elementor-widget-image-box\" data-id=\"4d910283\" data-element_type=\"widget\" data-e-type=\"widget\" data-widget_type=\"image-box.default\">\n\t\t\t\t<div class=\"elementor-widget-container\">\n\t\t\t\t\t<div class=\"elementor-image-box-wrapper\"><figure class=\"elementor-image-box-img\"><img decoding=\"async\" width=\"150\" height=\"150\" src=\"https:\/\/astrabroker.net\/wp-content\/uploads\/2025\/03\/portfolio2-150x150.jpg\" class=\"attachment-thumbnail size-thumbnail wp-image-65\" alt=\"\" title=\"portfolio2.jpg - astrabroker.net\" srcset=\"https:\/\/astrabroker.net\/wp-content\/uploads\/2025\/03\/portfolio2-150x150.jpg 150w, https:\/\/astrabroker.net\/wp-content\/uploads\/2025\/03\/portfolio2-300x300.jpg 300w, https:\/\/astrabroker.net\/wp-content\/uploads\/2025\/03\/portfolio2.jpg 625w\" sizes=\"(max-width: 150px) 100vw, 150px\" \/><\/figure><div class=\"elementor-image-box-content\"><h3 class=\"elementor-image-box-title\">Dilek Kocaman<\/h3><p class=\"elementor-image-box-description\"> <\/p><\/div><\/div>\t\t\t\t<\/div>\n\t\t\t\t<\/div>\n\t\t\t\t<\/div>\n\t\t\t\t\t<\/div>\n\t\t\t\t<\/div>\n\t\t<div class=\"elementor-element elementor-element-3469f492 e-flex e-con-boxed e-con e-parent\" data-id=\"3469f492\" data-element_type=\"container\" data-e-type=\"container\">\n\t\t\t\t\t<div class=\"e-con-inner\">\n\t\t\t\t<div class=\"elementor-element elementor-element-6f4e57ca elementor-widget elementor-widget-heading\" data-id=\"6f4e57ca\" data-element_type=\"widget\" data-e-type=\"widget\" data-widget_type=\"heading.default\">\n\t\t\t\t<div class=\"elementor-widget-container\">\n\t\t\t\t\t<h3 class=\"elementor-heading-title elementor-size-default\">Global Business Partners<\/h3>\t\t\t\t<\/div>\n\t\t\t\t<\/div>\n\t\t\t\t<div class=\"elementor-element elementor-element-3874ff2f elementor-widget elementor-widget-heading\" data-id=\"3874ff2f\" data-element_type=\"widget\" data-e-type=\"widget\" data-widget_type=\"heading.default\">\n\t\t\t\t<div class=\"elementor-widget-container\">\n\t\t\t\t\t<h2 class=\"elementor-heading-title elementor-size-default\">We work for you <\/h2>\t\t\t\t<\/div>\n\t\t\t\t<\/div>\n\t\t\t\t<div class=\"elementor-element elementor-element-37406992 elementor-widget elementor-widget-text-editor\" data-id=\"37406992\" data-element_type=\"widget\" data-e-type=\"widget\" data-widget_type=\"text-editor.default\">\n\t\t\t\t<div class=\"elementor-widget-container\">\n\t\t\t\t\t\t\t\t\t<p>\"We share an innovative and excellence-orientated vision with our global partners. Together, we achieve effective results around the world.\"<\/p>\t\t\t\t\t\t\t\t<\/div>\n\t\t\t\t<\/div>\n\t\t\t\t<div class=\"elementor-element elementor-element-31d5d92b elementor-widget elementor-widget-image-carousel\" data-id=\"31d5d92b\" data-element_type=\"widget\" data-e-type=\"widget\" data-settings=\"{&quot;slides_to_show&quot;:&quot;5&quot;,&quot;slides_to_scroll&quot;:&quot;1&quot;,&quot;navigation&quot;:&quot;none&quot;,&quot;pause_on_hover&quot;:&quot;no&quot;,&quot;slides_to_show_tablet&quot;:&quot;3&quot;,&quot;slides_to_scroll_tablet&quot;:&quot;1&quot;,&quot;image_spacing_custom&quot;:{&quot;unit&quot;:&quot;px&quot;,&quot;size&quot;:65,&quot;sizes&quot;:[]},&quot;autoplay&quot;:&quot;yes&quot;,&quot;pause_on_interaction&quot;:&quot;yes&quot;,&quot;autoplay_speed&quot;:5000,&quot;infinite&quot;:&quot;yes&quot;,&quot;speed&quot;:500,&quot;image_spacing_custom_tablet&quot;:{&quot;unit&quot;:&quot;px&quot;,&quot;size&quot;:&quot;&quot;,&quot;sizes&quot;:[]},&quot;image_spacing_custom_mobile&quot;:{&quot;unit&quot;:&quot;px&quot;,&quot;size&quot;:&quot;&quot;,&quot;sizes&quot;:[]}}\" data-widget_type=\"image-carousel.default\">\n\t\t\t\t<div class=\"elementor-widget-container\">\n\t\t\t\t\t\t\t<div class=\"elementor-image-carousel-wrapper swiper\" role=\"region\" aria-roledescription=\"carousel\" aria-label=\"Image Loop\" dir=\"ltr\">\n\t\t\t<div class=\"elementor-image-carousel swiper-wrapper\" aria-live=\"off\">\n\t\t\t\t\t\t\t\t<div class=\"swiper-slide\" role=\"group\" aria-roledescription=\"slide\" aria-label=\"1 \/ 4\"><figure class=\"swiper-slide-inner\"><img decoding=\"async\" class=\"swiper-slide-image\" src=\"https:\/\/astrabroker.net\/wp-content\/uploads\/2025\/04\/turkre.png\" alt=\"t\u00fcrkre\" \/><\/figure><\/div><div class=\"swiper-slide\" role=\"group\" aria-roledescription=\"slide\" aria-label=\"2 \/ 4\"><figure class=\"swiper-slide-inner\"><img decoding=\"async\" class=\"swiper-slide-image\" src=\"https:\/\/astrabroker.net\/wp-content\/uploads\/2025\/04\/LOGO_Coface.png\" alt=\"LOGO_Coface\" \/><\/figure><\/div><div class=\"swiper-slide\" role=\"group\" aria-roledescription=\"slide\" aria-label=\"3 \/ 4\"><figure class=\"swiper-slide-inner\"><img decoding=\"async\" class=\"swiper-slide-image\" src=\"https:\/\/astrabroker.net\/wp-content\/uploads\/2025\/04\/Atradius_logo.svg.png\" alt=\"Atradius_logo.svg\" \/><\/figure><\/div><div class=\"swiper-slide\" role=\"group\" aria-roledescription=\"slide\" aria-label=\"4 \/ 4\"><figure class=\"swiper-slide-inner\"><img decoding=\"async\" class=\"swiper-slide-image\" src=\"https:\/\/astrabroker.net\/wp-content\/uploads\/2025\/04\/Allianz-Trade-Logo.png\" alt=\"Allianz-Trade-Logo\" \/><\/figure><\/div>\t\t\t<\/div>\n\t\t\t\t\t\t\t\n\t\t\t\t\t\t\t\t\t<\/div>\n\t\t\t\t\t\t<\/div>\n\t\t\t\t<\/div>\n\t\t\t\t\t<\/div>\n\t\t\t\t<\/div>\n\t\t<div class=\"elementor-element elementor-element-304a462 e-flex e-con-boxed e-con e-parent\" data-id=\"304a462\" data-element_type=\"container\" data-e-type=\"container\">\n\t\t\t\t\t<div class=\"e-con-inner\">\n\t\t<div class=\"elementor-element elementor-element-ac5cfec e-con-full e-flex e-con e-child\" data-id=\"ac5cfec\" data-element_type=\"container\" data-e-type=\"container\" data-settings=\"{&quot;background_background&quot;:&quot;gradient&quot;,&quot;shape_divider_top&quot;:&quot;waves&quot;}\">\n\t\t\t\t<div class=\"elementor-shape elementor-shape-top\" aria-hidden=\"true\" data-negative=\"false\">\n\t\t\t<svg xmlns=\"http:\/\/www.w3.org\/2000\/svg\" viewbox=\"0 0 1000 100\" preserveaspectratio=\"none\">\n\t<path class=\"elementor-shape-fill\" d=\"M421.9,6.5c22.6-2.5,51.5,0.4,75.5,5.3c23.6,4.9,70.9,23.5,100.5,35.7c75.8,32.2,133.7,44.5,192.6,49.7\tc23.6,2.1,48.7,3.5,103.4-2.5c54.7-6,106.2-25.6,106.2-25.6V0H0v30.3c0,0,72,32.6,158.4,30.5c39.2-0.7,92.8-6.7,134-22.4\tc21.2-8.1,52.2-18.2,79.7-24.2C399.3,7.9,411.6,7.5,421.9,6.5z\"\/>\n<\/svg>\t\t<\/div>\n\t\t<div class=\"elementor-element elementor-element-16074d5 e-con-full e-flex e-con e-child\" data-id=\"16074d5\" data-element_type=\"container\" data-e-type=\"container\">\n\t\t\t\t<div class=\"elementor-element elementor-element-1f0c3d4 elementor-widget elementor-widget-cta\" data-id=\"1f0c3d4\" data-element_type=\"widget\" data-e-type=\"widget\" data-settings=\"{&quot;primary_button_shape&quot;:&quot;round&quot;,&quot;layout_preset&quot;:&quot;focus&quot;,&quot;cta_vertical_position&quot;:&quot;start&quot;,&quot;box_shape&quot;:&quot;sharp&quot;}\" data-widget_type=\"cta.default\">\n\t\t\t\t<div class=\"elementor-widget-container\">\n\t\t\t\t\t\t\t<div class=\"has-shape-sharp shape-type-box ehp-cta has-preset-focus\">\n\t\t\t<div class=\"ehp-cta__overlay\"><\/div>\n\t\t\t<div class=\"ehp-cta__elements-container\">\n\t\t\t\t\t\t<div class=\"ehp-cta__text-container\">\n\t\t\t<h2 class=\"ehp-cta__heading\">Do you want to grow your business safely?<\/h2><p class=\"ehp-cta__description\">Write us a message and stay in touch!<\/p>\t\t<\/div>\n\t\t\t\t\t<div class=\"ehp-cta__ctas-container\">\n\t\t\t\t<div class=\"ehp-cta__buttons-wrapper\">\n\t\t\t\t\t\t\t<a class=\"has-shape-round shape-type-button ehp-button ehp-button--primary ehp-cta__button ehp-cta__button--primary is-type-button\" href=\"https:\/\/astrabroker.net\/en\/contact\/\">\n\t\t\t<svg aria-hidden=\"true\" class=\"ehp-button__icon e-font-icon-svg e-fas-arrow-right\" 0=\"ehp-cta__button-icon\" viewbox=\"0 0 448 512\" xmlns=\"http:\/\/www.w3.org\/2000\/svg\"><path d=\"M190.5 66.9l22.2-22.2c9.4-9.4 24.6-9.4 33.9 0L441 239c9.4 9.4 9.4 24.6 0 33.9L246.6 467.3c-9.4 9.4-24.6 9.4-33.9 0l-22.2-22.2c-9.5-9.5-9.3-25 .4-34.3L311.4 296H24c-13.3 0-24-10.7-24-24v-32c0-13.3 10.7-24 24-24h287.4L190.9 101.2c-9.8-9.3-10-24.8-.4-34.3z\"><\/path><\/svg>\t\t<span class=\"ehp-button__text ehp-cta__button-text ehp-cta__button-text--primary\">\n\t\t\tContact us\t\t\t\t<\/a>\n\t\t\t\t\t\t\t\t\t\t\t<\/div>\n\t\t\t<\/div>\n\t\t\t\t\t<\/div>\n\t\t<\/div>\n\t\t\t\t\t\t<\/div>\n\t\t\t\t<\/div>\n\t\t\t\t<\/div>\n\t\t<div class=\"elementor-element elementor-element-03de061 e-con-full e-flex e-con e-child\" data-id=\"03de061\" data-element_type=\"container\" data-e-type=\"container\">\n\t\t\t\t<div class=\"elementor-element elementor-element-8059193 elementor-widget elementor-widget-image\" data-id=\"8059193\" data-element_type=\"widget\" data-e-type=\"widget\" data-widget_type=\"image.default\">\n\t\t\t\t<div class=\"elementor-widget-container\">\n\t\t\t\t\t\t\t\t\t\t\t\t\t\t\t<img loading=\"lazy\" decoding=\"async\" width=\"539\" height=\"539\" src=\"https:\/\/astrabroker.net\/wp-content\/uploads\/2025\/03\/CTA-Home-page-New.png\" class=\"attachment-full size-full wp-image-98\" alt=\"alacak sigortas\u0131na i\u00e7in ileti\u015fim\" srcset=\"https:\/\/astrabroker.net\/wp-content\/uploads\/2025\/03\/CTA-Home-page-New.png 539w, https:\/\/astrabroker.net\/wp-content\/uploads\/2025\/03\/CTA-Home-page-New-300x300.png 300w, https:\/\/astrabroker.net\/wp-content\/uploads\/2025\/03\/CTA-Home-page-New-150x150.png 150w\" sizes=\"(max-width: 539px) 100vw, 539px\" title=\"alacak sigortas\u0131 ekibi ileti\u015fim - astrabroker.net\" \/>\t\t\t\t\t\t\t\t\t\t\t\t\t\t\t<\/div>\n\t\t\t\t<\/div>\n\t\t\t\t<\/div>\n\t\t\t\t<\/div>\n\t\t\t\t\t<\/div>\n\t\t\t\t<\/div>\n\t\t\t\t<\/div>","protected":false},"excerpt":{"rendered":"<p>Hakk\u0131m\u0131zda K\u00fcresel G\u00fcven , Yerel Samimiyet Astra Sigorta Brokerli\u011fi, k\u00f6kleri Lidyal\u0131lar Sigorta\u2019ya dayanan ve 40 y\u0131l\u0131 a\u015fk\u0131n finans, bankac\u0131l\u0131k ve sigortac\u0131l\u0131k tecr\u00fcbesine sahip profesyoneller taraf\u0131ndan kurulmu\u015ftur. T\u00fcrkiye sigorta sekt\u00f6r\u00fcnde \u00f6zellikle ticari alacak sigortalar\u0131 ve finansal risk y\u00f6netimi alan\u0131nda uzmanla\u015farak, m\u00fc\u015fterilerine de\u011fer katan \u00e7\u00f6z\u00fcmler sunmay\u0131 ama\u00e7lamaktad\u0131r. Lidyal\u0131lar Sigorta \u00e7at\u0131s\u0131 alt\u0131nda y\u0131llarca T\u00fcrkiye\u2019nin en deneyimli alacak sigortas\u0131 [&hellip;]<\/p>\n","protected":false},"author":1,"featured_media":0,"parent":0,"menu_order":0,"comment_status":"closed","ping_status":"closed","template":"elementor_header_footer","meta":{"om_disable_all_campaigns":false,"_monsterinsights_skip_tracking":false,"_monsterinsights_sitenote_active":false,"_monsterinsights_sitenote_note":"","_monsterinsights_sitenote_category":0,"footnotes":""},"class_list":["post-102","page","type-page","status-publish","hentry"],"aioseo_notices":[],"_links":{"self":[{"href":"https:\/\/astrabroker.net\/en\/wp-json\/wp\/v2\/pages\/102","targetHints":{"allow":["GET"]}}],"collection":[{"href":"https:\/\/astrabroker.net\/en\/wp-json\/wp\/v2\/pages"}],"about":[{"href":"https:\/\/astrabroker.net\/en\/wp-json\/wp\/v2\/types\/page"}],"author":[{"embeddable":true,"href":"https:\/\/astrabroker.net\/en\/wp-json\/wp\/v2\/users\/1"}],"replies":[{"embeddable":true,"href":"https:\/\/astrabroker.net\/en\/wp-json\/wp\/v2\/comments?post=102"}],"version-history":[{"count":0,"href":"https:\/\/astrabroker.net\/en\/wp-json\/wp\/v2\/pages\/102\/revisions"}],"wp:attachment":[{"href":"https:\/\/astrabroker.net\/en\/wp-json\/wp\/v2\/media?parent=102"}],"curies":[{"name":"wp","href":"https:\/\/api.w.org\/{rel}","templated":true}]}}